{"id":26,"date":"2022-10-03T12:11:29","date_gmt":"2022-10-03T11:11:29","guid":{"rendered":"https:\/\/epamusica.ese.ipp.pt\/?page_id=26"},"modified":"2022-12-13T18:34:13","modified_gmt":"2022-12-13T17:34:13","slug":"quem-somos","status":"publish","type":"page","link":"https:\/\/epamusica.ese.ipp.pt\/","title":{"rendered":"Projeto"},"content":{"rendered":"\n<h1 class=\"has-text-align-left has-black-color has-text-color has-large-font-size wp-block-heading\" style=\"letter-spacing:-1px\">&#8220;<strong>Isto n\u00e3o seria o mesmo sem as Escolas Profissionais de M\u00fasica<\/strong>&#8220;: <strong>Trinta Anos de Ensino Profissional de M\u00fasica em Portugal<\/strong><\/h1>\n\n\n\n<p><\/p>\n","protected":false},"excerpt":{"rendered":"<p>&#8220;Isto n\u00e3o seria o mesmo sem as Escolas Profissionais de M\u00fasica&#8220;: Trinta Anos de Ensino Profissional de M\u00fasica em Portugal<\/p>\n","protected":false},"author":3,"featured_media":0,"parent":0,"menu_order":0,"comment_status":"closed","ping_status":"closed","template":"","meta":{"footnotes":""},"class_list":["post-26","page","type-page","status-publish","hentry","post"],"_links":{"self":[{"href":"https:\/\/epamusica.ese.ipp.pt\/index.php?rest_route=\/wp\/v2\/pages\/26","targetHints":{"allow":["GET"]}}],"collection":[{"href":"https:\/\/epamusica.ese.ipp.pt\/index.php?rest_route=\/wp\/v2\/pages"}],"about":[{"href":"https:\/\/epamusica.ese.ipp.pt\/index.php?rest_route=\/wp\/v2\/types\/page"}],"author":[{"embeddable":true,"href":"https:\/\/epamusica.ese.ipp.pt\/index.php?rest_route=\/wp\/v2\/users\/3"}],"replies":[{"embeddable":true,"href":"https:\/\/epamusica.ese.ipp.pt\/index.php?rest_route=%2Fwp%2Fv2%2Fcomments&post=26"}],"version-history":[{"count":38,"href":"https:\/\/epamusica.ese.ipp.pt\/index.php?rest_route=\/wp\/v2\/pages\/26\/revisions"}],"predecessor-version":[{"id":516,"href":"https:\/\/epamusica.ese.ipp.pt\/index.php?rest_route=\/wp\/v2\/pages\/26\/revisions\/516"}],"wp:attachment":[{"href":"https:\/\/epamusica.ese.ipp.pt\/index.php?rest_route=%2Fwp%2Fv2%2Fmedia&parent=26"}],"curies":[{"name":"wp","href":"https:\/\/api.w.org\/{rel}","templated":true}]}}